{"id":9,"date":"2019-01-29T14:11:11","date_gmt":"2019-01-29T14:11:11","guid":{"rendered":"http:\/\/transcomplex.com.pl\/?page_id=9"},"modified":"2021-01-14T12:24:35","modified_gmt":"2021-01-14T12:24:35","slug":"kontakt","status":"publish","type":"page","link":"https:\/\/transcomplex.com.pl\/?page_id=9","title":{"rendered":"Kontakt"},"content":{"rendered":"\n<h4 class=\"wp-block-heading\">ul. Grzybowa 90<br>42-609 Tarnowskie G\u00f3ry<\/h4>\n\n\n\n<h4 class=\"wp-block-heading\">NIP: 645-100-88-63<br>REGON: 272757554<\/h4>\n\n\n\n<h4 class=\"wp-block-heading\"><strong>Telefony czynne ca\u0142\u0105 dob\u0119:<\/strong><br>kom.+48 0 602 129 208<br>tel. stac. 032 284 20 90<br>fax: 032 284 01 99<br><\/h4>\n ","protected":false},"excerpt":{"rendered":"<p>ul. Grzybowa 9042-609 Tarnowskie G\u00f3ry NIP: 645-100-88-63REGON: 272757554 Telefony czynne ca\u0142\u0105 dob\u0119:kom.+48 0 602 129 208tel. stac. 032 284 20 90fax: 032 284 01 99<\/p>\n","protected":false},"author":1,"featured_media":0,"parent":0,"menu_order":0,"comment_status":"closed","ping_status":"closed","template":"","meta":{"footnotes":""},"class_list":["post-9","page","type-page","status-publish","hentry"],"_links":{"self":[{"href":"https:\/\/transcomplex.com.pl\/index.php?rest_route=\/wp\/v2\/pages\/9","targetHints":{"allow":["GET"]}}],"collection":[{"href":"https:\/\/transcomplex.com.pl\/index.php?rest_route=\/wp\/v2\/pages"}],"about":[{"href":"https:\/\/transcomplex.com.pl\/index.php?rest_route=\/wp\/v2\/types\/page"}],"author":[{"embeddable":true,"href":"https:\/\/transcomplex.com.pl\/index.php?rest_route=\/wp\/v2\/users\/1"}],"replies":[{"embeddable":true,"href":"https:\/\/transcomplex.com.pl\/index.php?rest_route=%2Fwp%2Fv2%2Fcomments&post=9"}],"version-history":[{"count":6,"href":"https:\/\/transcomplex.com.pl\/index.php?rest_route=\/wp\/v2\/pages\/9\/revisions"}],"predecessor-version":[{"id":167,"href":"https:\/\/transcomplex.com.pl\/index.php?rest_route=\/wp\/v2\/pages\/9\/revisions\/167"}],"wp:attachment":[{"href":"https:\/\/transcomplex.com.pl\/index.php?rest_route=%2Fwp%2Fv2%2Fmedia&parent=9"}],"curies":[{"name":"wp","href":"https:\/\/api.w.org\/{rel}","templated":true}]}}