{"id":72,"date":"2019-01-31T08:20:01","date_gmt":"2019-01-31T08:20:01","guid":{"rendered":"http:\/\/transcomplex.com.pl\/?page_id=72"},"modified":"2021-01-09T12:02:54","modified_gmt":"2021-01-09T12:02:54","slug":"uslugi-sprzetem-budowlanym","status":"publish","type":"page","link":"https:\/\/transcomplex.com.pl\/?page_id=72","title":{"rendered":"Us\u0142ugi sprz\u0119tem budowlanym"},"content":{"rendered":"\n<p>\u25cf KOPARKI<\/p>\n\n\n\n<p>\u25cf WYWROTKI<\/p>\n\n\n\n<p>\u25cf ZWY\u017bKI DO 28m<\/p>\n\n\n\n<p>\u25cf D\u0179WIG DO 5t (MANITOU)<\/p>\n\n\n\n<h4 class=\"wp-block-heading\">Podnoszenie do wysoko\u015bci 21m: konstrukcji <strong>HAL, STROP\u00d3W, WI\u0118\u0179BY DACHOWEJ, PALET.<\/strong><\/h4>\n\n\n\n<ul class=\"wp-block-gallery columns-3 is-cropped wp-block-gallery-1 is-layout-flex wp-block-gallery-is-layout-flex\"><li class=\"blocks-gallery-item\"><figure><img loading=\"lazy\" decoding=\"async\" width=\"1024\" height=\"768\" src=\"http:\/\/transcomplex.com.pl\/wp-content\/uploads\/2021\/01\/IMG_20201119_140702-1024x768.jpg\" alt=\"\" data-id=\"131\" data-link=\"http:\/\/transcomplex.com.pl\/?attachment_id=131\" class=\"wp-image-131\" srcset=\"https:\/\/transcomplex.com.pl\/wp-content\/uploads\/2021\/01\/IMG_20201119_140702-1024x768.jpg 1024w, https:\/\/transcomplex.com.pl\/wp-content\/uploads\/2021\/01\/IMG_20201119_140702-300x225.jpg 300w, https:\/\/transcomplex.com.pl\/wp-content\/uploads\/2021\/01\/IMG_20201119_140702-768x576.jpg 768w, https:\/\/transcomplex.com.pl\/wp-content\/uploads\/2021\/01\/IMG_20201119_140702-1440x1080.jpg 1440w\" sizes=\"auto, (max-width: 1024px) 100vw, 1024px\" \/><\/figure><\/li><li class=\"blocks-gallery-item\"><figure><img loading=\"lazy\" decoding=\"async\" width=\"1024\" height=\"768\" src=\"http:\/\/transcomplex.com.pl\/wp-content\/uploads\/2021\/01\/IMG_20201119_090707-1024x768.jpg\" alt=\"\" data-id=\"130\" data-link=\"http:\/\/transcomplex.com.pl\/?attachment_id=130\" class=\"wp-image-130\" srcset=\"https:\/\/transcomplex.com.pl\/wp-content\/uploads\/2021\/01\/IMG_20201119_090707-1024x768.jpg 1024w, https:\/\/transcomplex.com.pl\/wp-content\/uploads\/2021\/01\/IMG_20201119_090707-300x225.jpg 300w, https:\/\/transcomplex.com.pl\/wp-content\/uploads\/2021\/01\/IMG_20201119_090707-768x576.jpg 768w, https:\/\/transcomplex.com.pl\/wp-content\/uploads\/2021\/01\/IMG_20201119_090707-1440x1080.jpg 1440w\" sizes=\"auto, (max-width: 1024px) 100vw, 1024px\" \/><\/figure><\/li><li class=\"blocks-gallery-item\"><figure><img loading=\"lazy\" decoding=\"async\" width=\"1024\" height=\"768\" src=\"http:\/\/transcomplex.com.pl\/wp-content\/uploads\/2021\/01\/2-1024x768.png\" alt=\"\" data-id=\"126\" data-link=\"http:\/\/transcomplex.com.pl\/?attachment_id=126\" class=\"wp-image-126\" srcset=\"https:\/\/transcomplex.com.pl\/wp-content\/uploads\/2021\/01\/2-1024x768.png 1024w, https:\/\/transcomplex.com.pl\/wp-content\/uploads\/2021\/01\/2-300x225.png 300w, https:\/\/transcomplex.com.pl\/wp-content\/uploads\/2021\/01\/2-768x576.png 768w, https:\/\/transcomplex.com.pl\/wp-content\/uploads\/2021\/01\/2-1440x1080.png 1440w\" sizes=\"auto, (max-width: 1024px) 100vw, 1024px\" \/><\/figure><\/li><li class=\"blocks-gallery-item\"><figure><img loading=\"lazy\" decoding=\"async\" width=\"768\" height=\"1024\" src=\"http:\/\/transcomplex.com.pl\/wp-content\/uploads\/2021\/01\/IMG_20201128_111119-768x1024.jpg\" alt=\"\" data-id=\"128\" data-link=\"http:\/\/transcomplex.com.pl\/?attachment_id=128\" class=\"wp-image-128\" srcset=\"https:\/\/transcomplex.com.pl\/wp-content\/uploads\/2021\/01\/IMG_20201128_111119-768x1024.jpg 768w, https:\/\/transcomplex.com.pl\/wp-content\/uploads\/2021\/01\/IMG_20201128_111119-225x300.jpg 225w, https:\/\/transcomplex.com.pl\/wp-content\/uploads\/2021\/01\/IMG_20201128_111119-1024x1365.jpg 1024w, https:\/\/transcomplex.com.pl\/wp-content\/uploads\/2021\/01\/IMG_20201128_111119-810x1080.jpg 810w\" sizes=\"auto, (max-width: 768px) 100vw, 768px\" \/><\/figure><\/li><li class=\"blocks-gallery-item\"><figure><img loading=\"lazy\" decoding=\"async\" width=\"1024\" height=\"768\" src=\"http:\/\/transcomplex.com.pl\/wp-content\/uploads\/2021\/01\/IMG_20201119_152512-1024x768.jpg\" alt=\"\" data-id=\"129\" data-link=\"http:\/\/transcomplex.com.pl\/?attachment_id=129\" class=\"wp-image-129\" srcset=\"https:\/\/transcomplex.com.pl\/wp-content\/uploads\/2021\/01\/IMG_20201119_152512-1024x768.jpg 1024w, https:\/\/transcomplex.com.pl\/wp-content\/uploads\/2021\/01\/IMG_20201119_152512-300x225.jpg 300w, https:\/\/transcomplex.com.pl\/wp-content\/uploads\/2021\/01\/IMG_20201119_152512-768x576.jpg 768w, https:\/\/transcomplex.com.pl\/wp-content\/uploads\/2021\/01\/IMG_20201119_152512-1440x1080.jpg 1440w\" sizes=\"auto, (max-width: 1024px) 100vw, 1024px\" \/><\/figure><\/li><li class=\"blocks-gallery-item\"><figure><img loading=\"lazy\" decoding=\"async\" width=\"1024\" height=\"768\" src=\"http:\/\/transcomplex.com.pl\/wp-content\/uploads\/2021\/01\/1-1024x768.png\" alt=\"\" data-id=\"136\" data-link=\"http:\/\/transcomplex.com.pl\/?attachment_id=136\" class=\"wp-image-136\" srcset=\"https:\/\/transcomplex.com.pl\/wp-content\/uploads\/2021\/01\/1-1024x768.png 1024w, https:\/\/transcomplex.com.pl\/wp-content\/uploads\/2021\/01\/1-300x225.png 300w, https:\/\/transcomplex.com.pl\/wp-content\/uploads\/2021\/01\/1-768x576.png 768w, https:\/\/transcomplex.com.pl\/wp-content\/uploads\/2021\/01\/1-1440x1080.png 1440w\" sizes=\"auto, (max-width: 1024px) 100vw, 1024px\" \/><\/figure><\/li><li class=\"blocks-gallery-item\"><figure><img loading=\"lazy\" decoding=\"async\" width=\"1024\" height=\"768\" src=\"http:\/\/transcomplex.com.pl\/wp-content\/uploads\/2021\/01\/budo-1024x768.png\" alt=\"\" data-id=\"134\" data-link=\"http:\/\/transcomplex.com.pl\/?attachment_id=134\" class=\"wp-image-134\" srcset=\"https:\/\/transcomplex.com.pl\/wp-content\/uploads\/2021\/01\/budo-1024x768.png 1024w, https:\/\/transcomplex.com.pl\/wp-content\/uploads\/2021\/01\/budo-300x225.png 300w, https:\/\/transcomplex.com.pl\/wp-content\/uploads\/2021\/01\/budo-768x576.png 768w, https:\/\/transcomplex.com.pl\/wp-content\/uploads\/2021\/01\/budo-1440x1080.png 1440w\" sizes=\"auto, (max-width: 1024px) 100vw, 1024px\" \/><\/figure><\/li><li class=\"blocks-gallery-item\"><figure><img loading=\"lazy\" decoding=\"async\" width=\"1024\" height=\"768\" src=\"http:\/\/transcomplex.com.pl\/wp-content\/uploads\/2021\/01\/2-2-1024x768.png\" alt=\"\" data-id=\"152\" data-link=\"http:\/\/transcomplex.com.pl\/?attachment_id=152\" class=\"wp-image-152\" srcset=\"https:\/\/transcomplex.com.pl\/wp-content\/uploads\/2021\/01\/2-2-1024x768.png 1024w, https:\/\/transcomplex.com.pl\/wp-content\/uploads\/2021\/01\/2-2-300x225.png 300w, https:\/\/transcomplex.com.pl\/wp-content\/uploads\/2021\/01\/2-2-768x576.png 768w, https:\/\/transcomplex.com.pl\/wp-content\/uploads\/2021\/01\/2-2-1440x1080.png 1440w\" sizes=\"auto, (max-width: 1024px) 100vw, 1024px\" \/><\/figure><\/li><\/ul>\n\n\n\n<p><\/p>\n\n\n\n<p><\/p>\n ","protected":false},"excerpt":{"rendered":"<p>\u25cf KOPARKI \u25cf WYWROTKI \u25cf ZWY\u017bKI DO 28m \u25cf D\u0179WIG DO 5t (MANITOU) Podnoszenie do wysoko\u015bci 21m: konstrukcji HAL, STROP\u00d3W, WI\u0118\u0179BY DACHOWEJ, PALET.<\/p>\n","protected":false},"author":1,"featured_media":0,"parent":0,"menu_order":0,"comment_status":"closed","ping_status":"closed","template":"","meta":{"footnotes":""},"class_list":["post-72","page","type-page","status-publish","hentry"],"_links":{"self":[{"href":"https:\/\/transcomplex.com.pl\/index.php?rest_route=\/wp\/v2\/pages\/72","targetHints":{"allow":["GET"]}}],"collection":[{"href":"https:\/\/transcomplex.com.pl\/index.php?rest_route=\/wp\/v2\/pages"}],"about":[{"href":"https:\/\/transcomplex.com.pl\/index.php?rest_route=\/wp\/v2\/types\/page"}],"author":[{"embeddable":true,"href":"https:\/\/transcomplex.com.pl\/index.php?rest_route=\/wp\/v2\/users\/1"}],"replies":[{"embeddable":true,"href":"https:\/\/transcomplex.com.pl\/index.php?rest_route=%2Fwp%2Fv2%2Fcomments&post=72"}],"version-history":[{"count":11,"href":"https:\/\/transcomplex.com.pl\/index.php?rest_route=\/wp\/v2\/pages\/72\/revisions"}],"predecessor-version":[{"id":153,"href":"https:\/\/transcomplex.com.pl\/index.php?rest_route=\/wp\/v2\/pages\/72\/revisions\/153"}],"wp:attachment":[{"href":"https:\/\/transcomplex.com.pl\/index.php?rest_route=%2Fwp%2Fv2%2Fmedia&parent=72"}],"curies":[{"name":"wp","href":"https:\/\/api.w.org\/{rel}","templated":true}]}}