{"id":7,"date":"2019-01-29T14:10:57","date_gmt":"2019-01-29T14:10:57","guid":{"rendered":"http:\/\/transcomplex.com.pl\/?page_id=7"},"modified":"2019-02-15T15:54:16","modified_gmt":"2019-02-15T15:54:16","slug":"oferta","status":"publish","type":"page","link":"https:\/\/transcomplex.com.pl\/?page_id=7","title":{"rendered":"Oferta"},"content":{"rendered":"\n<p>Firma TRANSCOMPLEX \u015bwiadczy us\u0142ugi przy wykorzystaniu profesjonalnych urz\u0105dze\u0144 i sprz\u0119tu specjalistycznego. W ofercie znajd\u0105 Pa\u0144stwo ni\u017cej wymieniony zakres us\u0142ug:<\/p>\n\n\n\n<ul class=\"wp-block-list\"><li>Specjalistyczny transport pasz (<em>w systemie jako\u015bci GMP+<\/em>B4).<\/li><li>Pomoc drogowa<\/li><li>Us\u0142ugi wywrotkami 18 i 10 ton<\/li><li>Us\u0142ugi sprz\u0119tem budowlanym (kopark\u0105, koparko-\u0142\u0105dowark\u0105, m\u0142otem hydraulicznym)<\/li><li>Kompleksowa obs\u0142uga bud\u00f3w sprz\u0119tem budowlanym<\/li><li>Us\u0142ugi warsztatowe<\/li><li> Profesjonalne wykopy pod fundamenty<\/li><li> Dorabianie w\u0119\u017cy hydraulicznych <br><br><\/li><\/ul>\n\n\n\n<p>Gwarancj\u0105 najwy\u017cszej jako\u015bci wy\u017cej wymienionych us\u0142ug jest dobry stan techniczny pojazd\u00f3w i sprz\u0119tu oraz za\u0142oga o&nbsp;najwy\u017cszych kwalifikacjach zawodowych.<\/p>\n ","protected":false},"excerpt":{"rendered":"<p>Firma TRANSCOMPLEX \u015bwiadczy us\u0142ugi przy wykorzystaniu profesjonalnych urz\u0105dze\u0144 i sprz\u0119tu specjalistycznego. W ofercie znajd\u0105 Pa\u0144stwo ni\u017cej wymieniony zakres us\u0142ug: Specjalistyczny transport pasz (w systemie jako\u015bci GMP+B4). Pomoc drogowa Us\u0142ugi wywrotkami 18 i 10 ton Us\u0142ugi sprz\u0119tem budowlanym (kopark\u0105, koparko-\u0142\u0105dowark\u0105, m\u0142otem hydraulicznym) Kompleksowa obs\u0142uga bud\u00f3w sprz\u0119tem budowlanym Us\u0142ugi warsztatowe Profesjonalne wykopy pod fundamenty Dorabianie w\u0119\u017cy hydraulicznych&hellip; <br \/> <a class=\"read-more\" href=\"https:\/\/transcomplex.com.pl\/?page_id=7\">Dowiedz si\u0119 wi\u0119cej<\/a><\/p>\n","protected":false},"author":1,"featured_media":0,"parent":0,"menu_order":0,"comment_status":"closed","ping_status":"closed","template":"","meta":{"footnotes":""},"class_list":["post-7","page","type-page","status-publish","hentry"],"_links":{"self":[{"href":"https:\/\/transcomplex.com.pl\/index.php?rest_route=\/wp\/v2\/pages\/7","targetHints":{"allow":["GET"]}}],"collection":[{"href":"https:\/\/transcomplex.com.pl\/index.php?rest_route=\/wp\/v2\/pages"}],"about":[{"href":"https:\/\/transcomplex.com.pl\/index.php?rest_route=\/wp\/v2\/types\/page"}],"author":[{"embeddable":true,"href":"https:\/\/transcomplex.com.pl\/index.php?rest_route=\/wp\/v2\/users\/1"}],"replies":[{"embeddable":true,"href":"https:\/\/transcomplex.com.pl\/index.php?rest_route=%2Fwp%2Fv2%2Fcomments&post=7"}],"version-history":[{"count":6,"href":"https:\/\/transcomplex.com.pl\/index.php?rest_route=\/wp\/v2\/pages\/7\/revisions"}],"predecessor-version":[{"id":112,"href":"https:\/\/transcomplex.com.pl\/index.php?rest_route=\/wp\/v2\/pages\/7\/revisions\/112"}],"wp:attachment":[{"href":"https:\/\/transcomplex.com.pl\/index.php?rest_route=%2Fwp%2Fv2%2Fmedia&parent=7"}],"curies":[{"name":"wp","href":"https:\/\/api.w.org\/{rel}","templated":true}]}}