{"id":5,"date":"2019-01-29T14:10:39","date_gmt":"2019-01-29T14:10:39","guid":{"rendered":"http:\/\/transcomplex.com.pl\/?page_id=5"},"modified":"2019-02-13T14:16:32","modified_gmt":"2019-02-13T14:16:32","slug":"o-nas","status":"publish","type":"page","link":"https:\/\/transcomplex.com.pl\/?page_id=5","title":{"rendered":"O nas"},"content":{"rendered":"\n<p>\n\nFirma TRANSCOMPLEX powsta\u0142a w roku 1990 i od tego czasu pr\u0119\u017cnie rozwija\u0142a swoj\u0105 dzia\u0142alno\u015b\u0107, zwi\u0119kszaj\u0105c mo\u017cliwo\u015bci oraz ofert\u0119 dostosowan\u0105 do potrzeb rynku. Pocz\u0105tkowo specjalizowali\u015bmy si\u0119 w transporcie ko\u0142owym za\u015b od 1995 roku, zdecydowali\u015bmy si\u0119 na rozw\u00f3j dzia\u0142alno\u015bci o dodatkowe us\u0142ugi sprz\u0119tem budowlanym.<\/p>\n\n\n\n<p>Od samego pocz\u0105tku istnienia specjalizujemy si\u0119 w transporcie sypkich artyku\u0142\u00f3w spo\u017cywczych, g\u0142\u00f3wnie pasze i zbo\u017ca. Na dzie\u0144 dzisiejszy posiadamy pe\u0142n\u0105 gam\u0119 paszowoz\u00f3w o r\u00f3\u017cnych \u0142adowno\u015bciach.<\/p>\n\n\n\n<p>Firma posiada wszystkie wymagane licencje i certyfikaty oraz wdro\u017cony system jako\u015bci transportu pasz GMP+B4, <\/p>\n\n\n\n<p>Nasz\u0105 dewiz\u0105 jest punktualno\u015b\u0107, rzetelno\u015b\u0107 i uczciwo\u015b\u0107. <\/p>\n ","protected":false},"excerpt":{"rendered":"<p>Firma TRANSCOMPLEX powsta\u0142a w roku 1990 i od tego czasu pr\u0119\u017cnie rozwija\u0142a swoj\u0105 dzia\u0142alno\u015b\u0107, zwi\u0119kszaj\u0105c mo\u017cliwo\u015bci oraz ofert\u0119 dostosowan\u0105 do potrzeb rynku. Pocz\u0105tkowo specjalizowali\u015bmy si\u0119 w transporcie ko\u0142owym za\u015b od 1995 roku, zdecydowali\u015bmy si\u0119 na rozw\u00f3j dzia\u0142alno\u015bci o dodatkowe us\u0142ugi sprz\u0119tem budowlanym. Od samego pocz\u0105tku istnienia specjalizujemy si\u0119 w transporcie sypkich artyku\u0142\u00f3w spo\u017cywczych, g\u0142\u00f3wnie pasze&hellip; <br \/> <a class=\"read-more\" href=\"https:\/\/transcomplex.com.pl\/?page_id=5\">Dowiedz si\u0119 wi\u0119cej<\/a><\/p>\n","protected":false},"author":1,"featured_media":0,"parent":0,"menu_order":0,"comment_status":"closed","ping_status":"closed","template":"","meta":{"footnotes":""},"class_list":["post-5","page","type-page","status-publish","hentry"],"_links":{"self":[{"href":"https:\/\/transcomplex.com.pl\/index.php?rest_route=\/wp\/v2\/pages\/5","targetHints":{"allow":["GET"]}}],"collection":[{"href":"https:\/\/transcomplex.com.pl\/index.php?rest_route=\/wp\/v2\/pages"}],"about":[{"href":"https:\/\/transcomplex.com.pl\/index.php?rest_route=\/wp\/v2\/types\/page"}],"author":[{"embeddable":true,"href":"https:\/\/transcomplex.com.pl\/index.php?rest_route=\/wp\/v2\/users\/1"}],"replies":[{"embeddable":true,"href":"https:\/\/transcomplex.com.pl\/index.php?rest_route=%2Fwp%2Fv2%2Fcomments&post=5"}],"version-history":[{"count":4,"href":"https:\/\/transcomplex.com.pl\/index.php?rest_route=\/wp\/v2\/pages\/5\/revisions"}],"predecessor-version":[{"id":108,"href":"https:\/\/transcomplex.com.pl\/index.php?rest_route=\/wp\/v2\/pages\/5\/revisions\/108"}],"wp:attachment":[{"href":"https:\/\/transcomplex.com.pl\/index.php?rest_route=%2Fwp%2Fv2%2Fmedia&parent=5"}],"curies":[{"name":"wp","href":"https:\/\/api.w.org\/{rel}","templated":true}]}}