{"id":29,"date":"2019-01-30T13:10:58","date_gmt":"2019-01-30T13:10:58","guid":{"rendered":"http:\/\/transcomplex.com.pl\/?page_id=29"},"modified":"2024-11-29T14:11:59","modified_gmt":"2024-11-29T14:11:59","slug":"mesmerize","status":"publish","type":"page","link":"https:\/\/transcomplex.com.pl\/","title":{"rendered":"Front Page"},"content":{"rendered":"<div  data-label=\"About\" data-id=\"about--1\" data-export-id=\"about-4\" data-category=\"about\" class=\"about-4 content-section content-section-spacing\" id=\"about-1\" style=\"background-color: rgb(245, 250, 253);\"><div  class=\"gridContainer\"> <div  class=\"row middle-sm text-center\"><div  class=\"col-sm-5 space-bottom-xs\" data-type=\"column\"> <h5  class=\"\">TRANSCOMPLEX<\/h5> <h2  class=\"\"><font  face=\"Playfair Display, sans-serif\"><i >O nas<\/i><\/font><\/h2> <p  class=\"\">Firma TRANSCOMPLEX powsta\u0142a w roku 1990 i od tego czasu pr\u0119\u017cnie rozwija\u0142a swoj\u0105 dzia\u0142alno\u015b\u0107, zwi\u0119kszaj\u0105c mo\u017cliwo\u015bci oraz ofert\u0119 dostosowan\u0105 do potrzeb rynku. Pocz\u0105tkowo specjalizowali\u015bmy si\u0119 w transporcie ko\u0142owym za\u015b od 1995 roku, zdecydowali\u015bmy si\u0119 na rozw\u00f3j dzia\u0142alno\u015bci o dodatkowe us\u0142ugi sprz\u0119tem budowlanym.<br ><br >Od samego pocz\u0105tku istnienia specjalizujemy si\u0119 w transporcie sypkich artyku\u0142\u00f3w spo\u017cywczych, g\u0142\u00f3wnie pasze i zbo\u017ca. Na dzie\u0144 dzisiejszy posiadamy pe\u0142n\u0105 gam\u0119 paszowoz\u00f3w o r\u00f3\u017cnych \u0142adowno\u015bciach.<br ><br >Firma posiada wszystkie wymagane licencje i certyfikaty oraz wdro\u017cony system jako\u015bci transportu pasz GMP+B4, <br ><br >Nasz\u0105 dewiz\u0105 jest punktualno\u015b\u0107, rzetelno\u015b\u0107 i uczciwo\u015b\u0107.<\/p> <\/div> <div  class=\"col-sm-7 flexbox center-xs middle-xs image-group-2-img\"> <img  decoding=\"async\" class=\"img-1 shadow-large\" data-size=\"250x200\" src=\"http:\/\/transcomplex.com.pl\/wp-content\/uploads\/2024\/11\/cropped-IMG_20200603_110221-scaled-1.jpg\" title=\"cropped-IMG_20200603_110221-scaled-1.jpg\" alt=\"\"> <img  decoding=\"async\" class=\"img-2 shadow-large\" data-size=\"220x170\" src=\"http:\/\/transcomplex.com.pl\/wp-content\/uploads\/2024\/11\/cropped-IMG_20200603_110305-scaled-2.jpg\" title=\"cropped-IMG_20200603_110305-scaled-2.jpg\" alt=\"\"><\/div> <\/div><\/div> <\/div> ","protected":false},"excerpt":{"rendered":"<p>TRANSCOMPLEX O nas Firma TRANSCOMPLEX powsta\u0142a w roku 1990 i od tego czasu pr\u0119\u017cnie rozwija\u0142a swoj\u0105 dzia\u0142alno\u015b\u0107, zwi\u0119kszaj\u0105c mo\u017cliwo\u015bci oraz ofert\u0119 dostosowan\u0105 do potrzeb rynku. Pocz\u0105tkowo specjalizowali\u015bmy si\u0119 w transporcie ko\u0142owym za\u015b od 1995 roku, zdecydowali\u015bmy si\u0119 na rozw\u00f3j dzia\u0142alno\u015bci o dodatkowe us\u0142ugi sprz\u0119tem budowlanym.Od samego pocz\u0105tku istnienia specjalizujemy si\u0119 w transporcie sypkich artyku\u0142\u00f3w spo\u017cywczych,&hellip; <br \/> <a class=\"read-more\" href=\"https:\/\/transcomplex.com.pl\/\">Dowiedz si\u0119 wi\u0119cej<\/a><\/p>\n","protected":false},"author":1,"featured_media":0,"parent":0,"menu_order":0,"comment_status":"closed","ping_status":"closed","template":"page-templates\/homepage.php","meta":{"footnotes":""},"class_list":["post-29","page","type-page","status-publish","hentry"],"_links":{"self":[{"href":"https:\/\/transcomplex.com.pl\/index.php?rest_route=\/wp\/v2\/pages\/29","targetHints":{"allow":["GET"]}}],"collection":[{"href":"https:\/\/transcomplex.com.pl\/index.php?rest_route=\/wp\/v2\/pages"}],"about":[{"href":"https:\/\/transcomplex.com.pl\/index.php?rest_route=\/wp\/v2\/types\/page"}],"author":[{"embeddable":true,"href":"https:\/\/transcomplex.com.pl\/index.php?rest_route=\/wp\/v2\/users\/1"}],"replies":[{"embeddable":true,"href":"https:\/\/transcomplex.com.pl\/index.php?rest_route=%2Fwp%2Fv2%2Fcomments&post=29"}],"version-history":[{"count":10,"href":"https:\/\/transcomplex.com.pl\/index.php?rest_route=\/wp\/v2\/pages\/29\/revisions"}],"predecessor-version":[{"id":189,"href":"https:\/\/transcomplex.com.pl\/index.php?rest_route=\/wp\/v2\/pages\/29\/revisions\/189"}],"wp:attachment":[{"href":"https:\/\/transcomplex.com.pl\/index.php?rest_route=%2Fwp%2Fv2%2Fmedia&parent=29"}],"curies":[{"name":"wp","href":"https:\/\/api.w.org\/{rel}","templated":true}]}}